{"id":2802,"date":"2019-10-16T17:28:24","date_gmt":"2019-10-16T15:28:24","guid":{"rendered":"https:\/\/roquechelle.com\/situation-contact\/"},"modified":"2023-01-11T11:25:28","modified_gmt":"2023-01-11T10:25:28","slug":"situation-contact","status":"publish","type":"page","link":"https:\/\/roquechelle.com\/en\/situation-contact\/","title":{"rendered":"Location-Contact"},"content":{"rendered":"<div id='av_section_1'  class='avia-section av-8r6ra-6d64b0590db8265badb82c6e48829563 main_color avia-section-default avia-no-border-styling  avia-builder-el-0  avia-builder-el-no-sibling  avia-bg-style-scroll container_wrap sidebar_right'  ><div class='container av-section-cont-open' ><main  role=\"main\" itemprop=\"mainContentOfPage\"  class='template-page content  av-content-small alpha units'><div class='post-entry post-entry-type-page post-entry-2802'><div class='entry-content-wrapper clearfix'>\n\n<style type=\"text\/css\" data-created_by=\"avia_inline_auto\" id=\"style-css-av-6ovwu-821b1e2b2dbdf8793002ea4040f36b37\">\n#top .hr.hr-invisible.av-6ovwu-821b1e2b2dbdf8793002ea4040f36b37{\nheight:30px;\n}\n<\/style>\n<div  class='hr av-6ovwu-821b1e2b2dbdf8793002ea4040f36b37 hr-invisible  avia-builder-el-1  el_before_av_two_fifth  avia-builder-el-first '><span class='hr-inner '><span class=\"hr-inner-style\"><\/span><\/span><\/div>\n<div class='flex_column_table av-7xqne-15041df292ecb5eb9fedce3a17626ba6 sc-av_two_fifth av-equal-height-column-flextable'>\n<style type=\"text\/css\" data-created_by=\"avia_inline_auto\" id=\"style-css-av-7xqne-15041df292ecb5eb9fedce3a17626ba6\">\n#top .flex_column_table.av-equal-height-column-flextable.av-7xqne-15041df292ecb5eb9fedce3a17626ba6{\nmargin-top:-25px;\nmargin-bottom:-25px;\n}\n.flex_column.av-7xqne-15041df292ecb5eb9fedce3a17626ba6{\nborder-radius:0px 0px 0px 0px;\npadding:30px 30px 30px 30px;\nbackground-color:#ffffff;\n}\n<\/style>\n<div  class='flex_column av-7xqne-15041df292ecb5eb9fedce3a17626ba6 av_two_fifth  avia-builder-el-2  el_after_av_hr  el_before_av_three_fifth  first no_margin flex_column_table_cell av-equal-height-column av-align-top  '     ><p>\n<style type=\"text\/css\" data-created_by=\"avia_inline_auto\" id=\"style-css-av-3yv0rm-b73459b4e7902cbfdcbd2f20112b9638\">\n#top .av-special-heading.av-3yv0rm-b73459b4e7902cbfdcbd2f20112b9638{\npadding-bottom:0;\ncolor:#0db1b5;\n}\nbody .av-special-heading.av-3yv0rm-b73459b4e7902cbfdcbd2f20112b9638 .av-special-heading-tag .heading-char{\nfont-size:25px;\n}\n.av-special-heading.av-3yv0rm-b73459b4e7902cbfdcbd2f20112b9638 .special-heading-inner-border{\nborder-color:#0db1b5;\n}\n.av-special-heading.av-3yv0rm-b73459b4e7902cbfdcbd2f20112b9638 .av-subheading{\nfont-size:13px;\n}\n<\/style>\n<div  class='av-special-heading av-3yv0rm-b73459b4e7902cbfdcbd2f20112b9638 av-special-heading-h2 custom-color-heading blockquote modern-quote modern-centered  avia-builder-el-3  el_before_av_hr  avia-builder-el-first '><h2 class='av-special-heading-tag '  itemprop=\"headline\"  >To contact us<\/h2><div class=\"special-heading-border\"><div class=\"special-heading-inner-border\"><\/div><\/div><\/div><br \/>\n\n<style type=\"text\/css\" data-created_by=\"avia_inline_auto\" id=\"style-css-av-6ovwu-7e51619152a600752479be1761928854\">\n#top .hr.av-6ovwu-7e51619152a600752479be1761928854{\nmargin-top:10px;\nmargin-bottom:10px;\n}\n.hr.av-6ovwu-7e51619152a600752479be1761928854 .hr-inner{\nwidth:30%;\nmax-width:45%;\n}\n<\/style>\n<div  class='hr av-6ovwu-7e51619152a600752479be1761928854 hr-custom  avia-builder-el-4  el_after_av_heading  el_before_av_image  hr-center hr-icon-yes'><span class='hr-inner inner-border-av-border-thin'><span class=\"hr-inner-style\"><\/span><\/span><span class='av-seperator-icon avia-iconfont avia-font-entypo-fontello' data-av_icon='\ue8bf' data-av_iconfont='entypo-fontello' ><\/span><span class='hr-inner inner-border-av-border-thin'><span class=\"hr-inner-style\"><\/span><\/span><\/div><br \/>\n\n<style type=\"text\/css\" data-created_by=\"avia_inline_auto\" id=\"style-css-av-k2ak035k-c1fa15e1e53cc6f047d906a9f26b34d3\">\n.avia-image-container.av-k2ak035k-c1fa15e1e53cc6f047d906a9f26b34d3 img.avia_image{\nbox-shadow:none;\n}\n.avia-image-container.av-k2ak035k-c1fa15e1e53cc6f047d906a9f26b34d3 .av-image-caption-overlay-center{\ncolor:#ffffff;\n}\n<\/style>\n<div  class='avia-image-container av-k2ak035k-c1fa15e1e53cc6f047d906a9f26b34d3 av-styling- avia_animated_image av-animated-when-visible-95 pop-up avia-align-center  avia-builder-el-5  el_after_av_hr  el_before_av_textblock '   itemprop=\"image\" itemscope=\"itemscope\" itemtype=\"https:\/\/schema.org\/ImageObject\" ><div class=\"avia-image-container-inner\"><div class=\"avia-image-overlay-wrap\"><img decoding=\"async\" fetchpriority=\"high\" class='wp-image-2833 avia-img-lazy-loading-not-2833 avia_image ' src=\"https:\/\/roquechelle.com\/wp-content\/uploads\/2020\/03\/Logo-texte-Roquechelle-400px-2.png\" alt='' title='Logo-texte-Roquechelle-400px'  height=\"79\" width=\"400\"  itemprop=\"thumbnailUrl\" srcset=\"https:\/\/roquechelle.com\/wp-content\/uploads\/2020\/03\/Logo-texte-Roquechelle-400px-2.png 400w, https:\/\/roquechelle.com\/wp-content\/uploads\/2020\/03\/Logo-texte-Roquechelle-400px-2-300x59.png 300w\" sizes=\"(max-width: 400px) 100vw, 400px\" \/><\/div><\/div><\/div><br \/>\n<section  class='av_textblock_section av-6e3ka-fca6b6146d2169d78c3caa0b9f3cd56d '   itemscope=\"itemscope\" itemtype=\"https:\/\/schema.org\/CreativeWork\" ><div class='avia_textblock'  itemprop=\"text\" ><p style=\"text-align: center;\"><strong>CONTACT ADDRESS: <\/strong><br \/>\n175, Route des Pigeonniers<br \/>\nF-24170 SAINT GERMAIN DE BELV\u00c8S<br \/>\nFrance<br \/>\nTelephone: <a href=\"tel:+33553319218\">+33 (0)553 319 218<\/a><br \/>\nEmail: <a href=\"mailto:philippe.chinouilh@wanadoo.fr\">philippe.chinouilh@wanadoo.fr<\/a><\/p>\n<div id=\"attachment_2559\" style=\"width: 360px\" class=\"wp-caption aligncenter\"><a href=\"https:\/\/roquechelle.com\/wp-content\/uploads\/2020\/03\/vue-aerienne-chatelaillon-Gde.jpg\" target=\"_blank\" rel=\"noopener\"><img loading=\"lazy\" decoding=\"async\" aria-describedby=\"caption-attachment-2559\" class=\"wp-image-2559 size-full\" src=\"https:\/\/roquechelle.com\/wp-content\/uploads\/2020\/03\/vue-aerienne-chatelaillon.jpg\" alt=\"Ch\u00e2telaillon-Plage\" width=\"350\" height=\"236\" srcset=\"https:\/\/roquechelle.com\/wp-content\/uploads\/2020\/03\/vue-aerienne-chatelaillon.jpg 350w, https:\/\/roquechelle.com\/wp-content\/uploads\/2020\/03\/vue-aerienne-chatelaillon-300x202.jpg 300w\" sizes=\"auto, (max-width: 350px) 100vw, 350px\" \/><\/a><p id=\"caption-attachment-2559\" class=\"wp-caption-text\">Ch\u00e2telaillon-Plage<\/p><\/div>\n<\/div><\/section><\/p><\/div>\n<style type=\"text\/css\" data-created_by=\"avia_inline_auto\" id=\"style-css-av-7xqne-7169847cba08737930e0dc94e8c6206a\">\n#top .flex_column_table.av-equal-height-column-flextable.av-7xqne-7169847cba08737930e0dc94e8c6206a{\nmargin-top:-25px;\nmargin-bottom:-25px;\n}\n.flex_column.av-7xqne-7169847cba08737930e0dc94e8c6206a{\nborder-radius:0px 0px 0px 0px;\npadding:30px 30px 30px 30px;\nbackground-color:#ffffff;\n}\n<\/style>\n<div  class='flex_column av-7xqne-7169847cba08737930e0dc94e8c6206a av_three_fifth  avia-builder-el-7  el_after_av_two_fifth  el_before_av_hr  no_margin flex_column_table_cell av-equal-height-column av-align-top  '     ><p>\n<style type=\"text\/css\" data-created_by=\"avia_inline_auto\" id=\"style-css-av-k2ajg57d-d5a4442600f3a3846c7828a0749aa558\">\n.avia-image-container.av-k2ajg57d-d5a4442600f3a3846c7828a0749aa558 img.avia_image{\nbox-shadow:none;\n}\n.avia-image-container.av-k2ajg57d-d5a4442600f3a3846c7828a0749aa558 .av-image-caption-overlay-center{\ncolor:#ffffff;\n}\n<\/style>\n<div  class='avia-image-container av-k2ajg57d-d5a4442600f3a3846c7828a0749aa558 av-styling- avia-align-center  avia-builder-el-8  el_before_av_textblock  avia-builder-el-first '   itemprop=\"image\" itemscope=\"itemscope\" itemtype=\"https:\/\/schema.org\/ImageObject\" ><div class=\"avia-image-container-inner\"><div class=\"avia-image-overlay-wrap\"><img decoding=\"async\" fetchpriority=\"high\" class='wp-image-2553 avia-img-lazy-loading-not-2553 avia_image ' src=\"https:\/\/roquechelle.com\/wp-content\/uploads\/2020\/03\/vue-aerienne-residence.jpg\" alt='' title='vue-aerienne-residence'  height=\"569\" width=\"773\"  itemprop=\"thumbnailUrl\" srcset=\"https:\/\/roquechelle.com\/wp-content\/uploads\/2020\/03\/vue-aerienne-residence.jpg 773w, https:\/\/roquechelle.com\/wp-content\/uploads\/2020\/03\/vue-aerienne-residence-300x221.jpg 300w, https:\/\/roquechelle.com\/wp-content\/uploads\/2020\/03\/vue-aerienne-residence-768x565.jpg 768w, https:\/\/roquechelle.com\/wp-content\/uploads\/2020\/03\/vue-aerienne-residence-705x519.jpg 705w\" sizes=\"(max-width: 773px) 100vw, 773px\" \/><\/div><\/div><\/div><br \/>\n<section  class='av_textblock_section av-k803o7f6-33c368f936d2e7b0d094e59d2b75c0ca '   itemscope=\"itemscope\" itemtype=\"https:\/\/schema.org\/CreativeWork\" ><div class='avia_textblock'  itemprop=\"text\" ><p><strong>LOCATION OF THE ROQUECHELLE APARTMENT:<\/strong><br \/>\nR\u00e9sidence Port Royal &#8211; 10 cours du Mar\u00e9chal Juin &#8211; F-17340 Ch\u00e2telaillon-Plage &#8211; France<\/p>\n<p><strong>GPS:<\/strong> West: 1\u00b0 5&#8242; 32&#8243; (-1.09236) &#8211; North: 46\u00b0 3&#8242; 46&#8243; (46.06301)<\/p>\n<\/div><\/section><\/p><\/div><\/div><!--close column table wrapper. Autoclose: 1 -->\n<style type=\"text\/css\" data-created_by=\"avia_inline_auto\" id=\"style-css-av-6ovwu-4f1f2f808a5b750c84664184c813d209\">\n#top .hr.hr-invisible.av-6ovwu-4f1f2f808a5b750c84664184c813d209{\nheight:20px;\n}\n<\/style>\n<div  class='hr av-6ovwu-4f1f2f808a5b750c84664184c813d209 hr-invisible  avia-builder-el-10  el_after_av_three_fifth  el_before_av_heading '><span class='hr-inner '><span class=\"hr-inner-style\"><\/span><\/span><\/div>\n\n<style type=\"text\/css\" data-created_by=\"avia_inline_auto\" id=\"style-css-av-26s4xe-e06cc2f50b7a9d713227b56f02da15be\">\n#top .av-special-heading.av-26s4xe-e06cc2f50b7a9d713227b56f02da15be{\npadding-bottom:0;\n}\nbody .av-special-heading.av-26s4xe-e06cc2f50b7a9d713227b56f02da15be .av-special-heading-tag .heading-char{\nfont-size:25px;\n}\n.av-special-heading.av-26s4xe-e06cc2f50b7a9d713227b56f02da15be .av-subheading{\nfont-size:13px;\n}\n<\/style>\n<div  class='av-special-heading av-26s4xe-e06cc2f50b7a9d713227b56f02da15be av-special-heading-h2 blockquote modern-quote modern-centered  avia-builder-el-11  el_after_av_hr  el_before_av_hr '><h2 class='av-special-heading-tag '  itemprop=\"headline\"  >To join us<\/h2><div class=\"special-heading-border\"><div class=\"special-heading-inner-border\"><\/div><\/div><\/div>\n\n<style type=\"text\/css\" data-created_by=\"avia_inline_auto\" id=\"style-css-av-6ovwu-7e51619152a600752479be1761928854\">\n#top .hr.av-6ovwu-7e51619152a600752479be1761928854{\nmargin-top:10px;\nmargin-bottom:10px;\n}\n.hr.av-6ovwu-7e51619152a600752479be1761928854 .hr-inner{\nwidth:30%;\nmax-width:45%;\n}\n<\/style>\n<div  class='hr av-6ovwu-7e51619152a600752479be1761928854 hr-custom  avia-builder-el-12  el_after_av_heading  el_before_av_google_map  avia-builder-el-last  hr-center hr-icon-yes'><span class='hr-inner inner-border-av-border-thin'><span class=\"hr-inner-style\"><\/span><\/span><span class='av-seperator-icon avia-iconfont avia-font-entypo-fontello' data-av_icon='\ue8bf' data-av_iconfont='entypo-fontello' ><\/span><span class='hr-inner inner-border-av-border-thin'><span class=\"hr-inner-style\"><\/span><\/span><\/div>\n<div  class='av_gmaps_sc_main_wrap av_gmaps_main_wrap '><div id='av_gmap_0' class='avia-google-map-container avia-google-map-sc av_gmaps_show_unconditionally av-no-fallback-img ' data-mapid='av_gmap_0'  style='height: 500px;'><a class=\"av_gmaps_browser_disabled av_text_confirm_link av_text_confirm_link_visible\" href=\"https:\/\/www.google.com\/maps\/search\/?api=1&#038;query=10%20cours%20du%20Mar\u00e9chal%20Juin%2017340%20Ch\u00e2telaillon-Plage%20%20France\" target=\"_blank\">Maps were disabled by the visitor on this site. Click to open the map in a new window.<\/a><\/div><\/div>\n\n<style type=\"text\/css\" data-created_by=\"avia_inline_auto\" id=\"style-css-av-k20xpnrg-4c6dc5de476c8aa19df45e4c3d7e3747\">\n#top .hr.hr-invisible.av-k20xpnrg-4c6dc5de476c8aa19df45e4c3d7e3747{\nheight:20px;\n}\n<\/style>\n<div  class='hr av-k20xpnrg-4c6dc5de476c8aa19df45e4c3d7e3747 hr-invisible  avia-builder-el-14  el_after_av_google_map  avia-builder-el-no-sibling '><span class='hr-inner '><span class=\"hr-inner-style\"><\/span><\/span><\/div>\n<\/div><\/div><\/main><!-- close content main element --><\/div><\/div><div id='after_section_1'  class='main_color av_default_container_wrap container_wrap sidebar_right'  ><div class='container av-section-cont-open' ><div class='template-page content  av-content-small alpha units'><div class='post-entry post-entry-type-page post-entry-2802'><div class='entry-content-wrapper clearfix'>\n","protected":false},"excerpt":{"rendered":"","protected":false},"author":1,"featured_media":0,"parent":0,"menu_order":0,"comment_status":"closed","ping_status":"closed","template":"","meta":{"footnotes":""},"class_list":["post-2802","page","type-page","status-publish","hentry"],"_links":{"self":[{"href":"https:\/\/roquechelle.com\/en\/wp-json\/wp\/v2\/pages\/2802","targetHints":{"allow":["GET"]}}],"collection":[{"href":"https:\/\/roquechelle.com\/en\/wp-json\/wp\/v2\/pages"}],"about":[{"href":"https:\/\/roquechelle.com\/en\/wp-json\/wp\/v2\/types\/page"}],"author":[{"embeddable":true,"href":"https:\/\/roquechelle.com\/en\/wp-json\/wp\/v2\/users\/1"}],"replies":[{"embeddable":true,"href":"https:\/\/roquechelle.com\/en\/wp-json\/wp\/v2\/comments?post=2802"}],"version-history":[{"count":1,"href":"https:\/\/roquechelle.com\/en\/wp-json\/wp\/v2\/pages\/2802\/revisions"}],"predecessor-version":[{"id":3050,"href":"https:\/\/roquechelle.com\/en\/wp-json\/wp\/v2\/pages\/2802\/revisions\/3050"}],"wp:attachment":[{"href":"https:\/\/roquechelle.com\/en\/wp-json\/wp\/v2\/media?parent=2802"}],"curies":[{"name":"wp","href":"https:\/\/api.w.org\/{rel}","templated":true}]}}